{"id":3,"date":"2018-06-03T21:27:50","date_gmt":"2018-06-03T19:27:50","guid":{"rendered":"https:\/\/kwzielinscy.pl\/?page_id=3"},"modified":"2018-06-05T14:48:51","modified_gmt":"2018-06-05T12:48:51","slug":"polityka-prywatnosci","status":"publish","type":"page","link":"https:\/\/kwzielinscy.pl\/index.php\/polityka-prywatnosci\/","title":{"rendered":"Polityka prywatno\u015bci"},"content":{"rendered":"<h3 style=\"text-align: center;\">Kto jest administratorem danych osobowych?<\/h3>\n<p>&nbsp;<\/p>\n<p>Administratorem danych osobowych czyli podmiotem ustalaj\u0105cym cele i sposoby przetwarzania danych osobowych jest F.H.U. KW ZIELI\u0143SCY.<\/p>\n<p>W celu uzyskania informacji dotycz\u0105cych Pa\u0144stwa danych osobowych nale\u017cy skontaktowa\u0107 si\u0119 z nami za po\u015brednictwem poczty elektronicznej pod adresem: biuro@kwzielinscy.pl<\/p>\n<p>&nbsp;<\/p>\n<h3 style=\"text-align: center;\">Sk\u0105d pozyskali\u015bmy Pa\u0144stwa dane osobowe?<\/h3>\n<p>&nbsp;<\/p>\n<p>Pa\u0144stwa dane pozyskali\u015bmy z og\u00f3lnodost\u0119pnych \u017ar\u00f3de\u0142, jak r\u00f3wnie\u017c w wyniku spotka\u0144 i transakcji handlowych oraz prowadzonej korespondencji.<\/p>\n<p>&nbsp;<\/p>\n<h3 style=\"text-align: center;\">Jaki jest cel i podstawa prawna przetwarzania Pa\u0144stwa danych osobowych?<\/h3>\n<p>&nbsp;<\/p>\n<p>Pa\u0144stwa dane osobowe przetwarzane s\u0105 w celu nawi\u0105zania wsp\u00f3\u0142pracy handlowej, realizacji zawartych z Pa\u0144stwem um\u00f3w, b\u0105d\u017a wynikaj\u0105 bezpo\u015brednio z obowi\u0105zuj\u0105cych przepis\u00f3w prawa.<\/p>\n<p>Pa\u0144stwa dane osobowe s\u0105 r\u00f3wnie\u017c przetwarzane w zwi\u0105zku z prawnie uzasadnionym interesem firmy, kt\u00f3rym jest:<\/p>\n<ul>\n<li>prowadzenie dzia\u0142a\u0144 marketingowych w tym prowadzenia marketingu bezpo\u015bredniego w\u0142asnych us\u0142ug, towar\u00f3w lub us\u0142ug b\u0105d\u017a towar\u00f3w os\u00f3b trzecich;<\/li>\n<li>kontaktowanie si\u0119 z Pa\u0144stwem, w tym w celach zwi\u0105zanych z dozwolonymi dzia\u0142aniami marketingowymi, poprzez dost\u0119pne kana\u0142y komunikacji, w szczeg\u00f3lno\u015bci i za Twoj\u0105 zgod\u0105 przez e-mail oraz telefon;<\/li>\n<li>windykacja nale\u017cno\u015bci; prowadzenie post\u0119powa\u0144 s\u0105dowych, arbitra\u017cowych i mediacyjnych;<\/li>\n<li>prowadzenie analiz statystycznych;<\/li>\n<li>przechowywanie danych dla cel\u00f3w archiwizacyjnych, oraz zapewnienie rozliczalno\u015bci (wykazania spe\u0142nienia przez F.H.U. KW ZIELI\u0143SCY obowi\u0105zk\u00f3w wynikaj\u0105cych z przepis\u00f3w prawa).<\/li>\n<\/ul>\n<p>&nbsp;<\/p>\n<h3 style=\"text-align: center;\">Jakie posiadaj\u0105 Pa\u0144stwo uprawnienia wobec F.H.U. KW ZIELI\u0143SCY w zakresie przetwarzanych danych?<\/h3>\n<p>&nbsp;<\/p>\n<p>F.H.U. KW ZIELI\u0143SCY zapewnia spe\u0142nienie wszystkich przys\u0142uguj\u0105cych Pa\u0144stwu praw wynikaj\u0105cych z Rozporz\u0105dzenia Parlamentu Europejskiego I Rady (Ue) 2016\/679<\/p>\n<p>z dnia 27 kwietnia 2016 r. w sprawie ochrony os\u00f3b fizycznych w zwi\u0105zku z przetwarzaniem danych osobowych i w sprawie swobodnego przep\u0142ywu takich danych oraz uchylenia dyrektywy 95\/46\/WE (og\u00f3lne rozporz\u0105dzenie o ochronie danych), tj. prawa dost\u0119pu, sprostowania oraz usuni\u0119cia Pa\u0144stwa danych osobowych, prawa ograniczenia ich przetwarzania, prawo do ich przenoszenia,<\/p>\n<p>niepodlegania zautomatyzowanemu podejmowaniu decyzji, a tak\u017ce prawo do wyra\u017cenia sprzeciwu wobec przetwarzania Pa\u0144stwa danych osobowych.<\/p>\n<p>W zwi\u0105zku z przetwarzaniem Pa\u0144stwa danych osobowych przez F.H.U. KW ZIELI\u0143SCY jeste\u015bcie Pa\u0144stwo uprawnieni do wniesienia skargi do organu nadzorczego, kt\u00f3rym jest Generalny Inspektor Ochrony Danych Osobowych (adres: Generalny Inspektor Ochrony Danych Osobowych, ul. Stawki 2, 00-193 Warszawa).<\/p>\n<h3><\/h3>\n<h3 style=\"text-align: center;\">Komu mog\u0105 zosta\u0107 udost\u0119pnione Pa\u0144stwa dane osobowe?<\/h3>\n<p>&nbsp;<\/p>\n<p>Pa\u0144stwa dane osobowe mog\u0105 zosta\u0107 udost\u0119pnione podmiotom wspieraj\u0105cym b\u0105d\u017a po\u015brednicz\u0105cym w nawi\u0105zaniu wsp\u00f3\u0142pracy handlowej, realizacji zawartych um\u00f3w b\u0105d\u017a \u015bwiadczeniu us\u0142ug marketingowych, a tak\u017ce organom publicznym w zwi\u0105zku z obowi\u0105zkami wynikaj\u0105cymi z przepis\u00f3w powszechnie obowi\u0105zuj\u0105cego prawa lub orzeczenia s\u0105du.<\/p>\n<p>&nbsp;<\/p>\n<h3 style=\"text-align: center;\">Jak d\u0142ugo przechowujemy Pa\u0144stwa dane osobowe?<\/h3>\n<p>&nbsp;<\/p>\n<p>Pa\u0144stwa dane osobowe przechowywane s\u0105 przez okres obowi\u0105zywania zawartej umowy, a tak\u017ce po jej zako\u0144czeniu w celach:<\/p>\n<ul>\n<li>dochodzenia roszcze\u0144 w zwi\u0105zku z wykonywaniem umowy,<\/li>\n<li>wykonania obowi\u0105zk\u00f3w wynikaj\u0105cych z przepis\u00f3w prawa, w tym w szczeg\u00f3lno\u015bci podatkowych i rachunkowych,<\/li>\n<li>zapobiegania nadu\u017cyciom i oszustwom,<\/li>\n<li>statystycznych i archiwizacyjnych,<\/li>\n<\/ul>\n<p>Pa\u0144stwa dane osobowe przechowujemy dla cel\u00f3w marketingowych przez okres obowi\u0105zywania umowy lub do momentu wniesienia przez Ciebie sprzeciwu wobec takiego przetwarzania, w zale\u017cno\u015bci od tego, kt\u00f3re z tych zdarze\u0144 wyst\u0105pi wcze\u015bniej.<\/p>\n<p>&nbsp;<\/p>\n<h3 style=\"text-align: center;\">Czy przekazujemy Pa\u0144stwa dane do pa\u0144stw spoza Europejskiego Obszaru Gospodarczego?<\/h3>\n<p>&nbsp;<\/p>\n<p>Pa\u0144stwa dane osobowe mog\u0105 by\u0107 przekazywane poza Europejski Obszar Gospodarczy do Google LLC w oparciu o odpowiednie zabezpieczenia prawne, w szczeg\u00f3lno\u015bci Decyzj\u0119 Wykonawcz\u0105 Komisji (UE) nr 2016\/1250 przyj\u0119ta na mocy dyrektywy 95\/46\/WE Parlamentu Europejskiego i Rady w sprawie adekwatno\u015bci ochrony zapewnianej przez Tarcz\u0119 Prywatno\u015bci (Privacy Shield) UE &#8211; USA (notyfikowana jako dokument nr C(2016) 4176).<\/p>\n<p>&nbsp;<\/p>\n<h3 style=\"text-align: center;\">Czy przetwarzamy Pa\u0144stwa dane osobowe automatycznie?<\/h3>\n<p>&nbsp;<\/p>\n<p>F.H.U. KW ZIELI\u0143SCY nie planuje przetwarzania Pa\u0144stwa danych osobowych w spos\u00f3b zautomatyzowany (w tym w formie profilowania).<\/p>\n","protected":false},"excerpt":{"rendered":"<p>Kto jest administratorem danych osobowych? &nbsp; Administratorem danych osobowych czyli podmiotem ustalaj\u0105cym cele i sposoby przetwarzania danych osobowych jest F.H.U. KW ZIELI\u0143SCY. W celu uzyskania informacji dotycz\u0105cych Pa\u0144stwa danych osobowych &#8230;<\/p>\n","protected":false},"author":1,"featured_media":0,"parent":0,"menu_order":0,"comment_status":"closed","ping_status":"open","template":"","meta":{"footnotes":""},"class_list":["post-3","page","type-page","status-publish","hentry"],"_links":{"self":[{"href":"https:\/\/kwzielinscy.pl\/index.php\/wp-json\/wp\/v2\/pages\/3","targetHints":{"allow":["GET"]}}],"collection":[{"href":"https:\/\/kwzielinscy.pl\/index.php\/wp-json\/wp\/v2\/pages"}],"about":[{"href":"https:\/\/kwzielinscy.pl\/index.php\/wp-json\/wp\/v2\/types\/page"}],"author":[{"embeddable":true,"href":"https:\/\/kwzielinscy.pl\/index.php\/wp-json\/wp\/v2\/users\/1"}],"replies":[{"embeddable":true,"href":"https:\/\/kwzielinscy.pl\/index.php\/wp-json\/wp\/v2\/comments?post=3"}],"version-history":[{"count":5,"href":"https:\/\/kwzielinscy.pl\/index.php\/wp-json\/wp\/v2\/pages\/3\/revisions"}],"predecessor-version":[{"id":1638,"href":"https:\/\/kwzielinscy.pl\/index.php\/wp-json\/wp\/v2\/pages\/3\/revisions\/1638"}],"wp:attachment":[{"href":"https:\/\/kwzielinscy.pl\/index.php\/wp-json\/wp\/v2\/media?parent=3"}],"curies":[{"name":"wp","href":"https:\/\/api.w.org\/{rel}","templated":true}]}}